{"id":3155,"date":"2023-09-14T14:14:11","date_gmt":"2023-09-14T14:14:11","guid":{"rendered":"https:\/\/greenandgrowth.com\/?page_id=3155"},"modified":"2025-03-09T01:34:20","modified_gmt":"2025-03-09T01:34:20","slug":"productos","status":"publish","type":"page","link":"https:\/\/greenandgrowth.com\/en\/productos\/","title":{"rendered":"PRODUCTS"},"content":{"rendered":"<div data-elementor-type=\"wp-page\" data-elementor-id=\"3155\" class=\"elementor elementor-3155\" data-elementor-post-type=\"page\">\n\t\t\t\t\t\t<section class=\"elementor-section elementor-top-section elementor-element elementor-element-6bb2ef5 elementor-section-content-middle elementor-section-boxed elementor-section-height-default elementor-section-height-default\" data-id=\"6bb2ef5\" data-element_type=\"section\">\n\t\t\t\t\t\t<div class=\"elementor-container elementor-column-gap-no\">\n\t\t\t\t\t<div class=\"elementor-column elementor-col-50 elementor-top-column elementor-element elementor-element-72515452\" data-id=\"72515452\" data-element_type=\"column\">\n\t\t\t<div class=\"elementor-widget-wrap elementor-element-populated\">\n\t\t\t\t\t\t<div class=\"elementor-element elementor-element-7d104781 elementor-invisible elementor-widget elementor-widget-heading\" data-id=\"7d104781\" data-element_type=\"widget\" data-settings=\"{&quot;_animation&quot;:&quot;fadeIn&quot;}\" data-widget_type=\"heading.default\">\n\t\t\t\t<div class=\"elementor-widget-container\">\n\t\t\t\t\t<h3 class=\"elementor-heading-title elementor-size-default\">PRODUCTS<\/h3>\t\t\t\t<\/div>\n\t\t\t\t<\/div>\n\t\t\t\t<div class=\"elementor-element elementor-element-3676e77e elementor-widget-divider--view-line elementor-widget elementor-widget-divider\" data-id=\"3676e77e\" data-element_type=\"widget\" data-widget_type=\"divider.default\">\n\t\t\t\t<div class=\"elementor-widget-container\">\n\t\t\t\t\t\t\t<div class=\"elementor-divider\">\n\t\t\t<span class=\"elementor-divider-separator\">\n\t\t\t\t\t\t<\/span>\n\t\t<\/div>\n\t\t\t\t\t\t<\/div>\n\t\t\t\t<\/div>\n\t\t\t\t\t<\/div>\n\t\t<\/div>\n\t\t\t\t<div class=\"elementor-column elementor-col-50 elementor-top-column elementor-element elementor-element-3c51bd78\" data-id=\"3c51bd78\" data-element_type=\"column\">\n\t\t\t<div class=\"elementor-widget-wrap elementor-element-populated\">\n\t\t\t\t\t\t<div class=\"elementor-element elementor-element-130f7780 elementor-widget elementor-widget-spacer\" data-id=\"130f7780\" data-element_type=\"widget\" data-widget_type=\"spacer.default\">\n\t\t\t\t<div class=\"elementor-widget-container\">\n\t\t\t\t\t\t\t<div class=\"elementor-spacer\">\n\t\t\t<div class=\"elementor-spacer-inner\"><\/div>\n\t\t<\/div>\n\t\t\t\t\t\t<\/div>\n\t\t\t\t<\/div>\n\t\t\t\t\t<\/div>\n\t\t<\/div>\n\t\t\t\t\t<\/div>\n\t\t<\/section>\n\t\t\t\t<section class=\"elementor-section elementor-top-section elementor-element elementor-element-6205c65d elementor-section-stretched elementor-section-boxed elementor-section-height-default elementor-section-height-default\" data-id=\"6205c65d\" data-element_type=\"section\" data-settings=\"{&quot;stretch_section&quot;:&quot;section-stretched&quot;,&quot;background_background&quot;:&quot;classic&quot;}\">\n\t\t\t\t\t\t<div class=\"elementor-container elementor-column-gap-default\">\n\t\t\t\t\t<div class=\"elementor-column elementor-col-100 elementor-top-column elementor-element elementor-element-632f3060\" data-id=\"632f3060\" data-element_type=\"column\">\n\t\t\t<div class=\"elementor-widget-wrap elementor-element-populated\">\n\t\t\t\t\t\t<section class=\"elementor-section elementor-inner-section elementor-element elementor-element-9a60d88 elementor-section-full_width elementor-section-height-default elementor-section-height-default\" data-id=\"9a60d88\" data-element_type=\"section\">\n\t\t\t\t\t\t<div class=\"elementor-container elementor-column-gap-no\">\n\t\t\t\t\t<div class=\"elementor-column elementor-col-100 elementor-inner-column elementor-element elementor-element-1485181 elementor-invisible\" data-id=\"1485181\" data-element_type=\"column\" data-settings=\"{&quot;background_background&quot;:&quot;gradient&quot;,&quot;animation&quot;:&quot;fadeInUp&quot;}\">\n\t\t\t<div class=\"elementor-widget-wrap elementor-element-populated\">\n\t\t\t\t\t<div class=\"elementor-background-overlay\"><\/div>\n\t\t\t\t\t\t<div class=\"elementor-element elementor-element-ecec4c1 elementor-widget elementor-widget-image-box\" data-id=\"ecec4c1\" data-element_type=\"widget\" data-widget_type=\"image-box.default\">\n\t\t\t\t<div class=\"elementor-widget-container\">\n\t\t\t\t\t<div class=\"elementor-image-box-wrapper\"><div class=\"elementor-image-box-content\"><h2 class=\"elementor-image-box-title\">Green &amp; Growth <sup>\u00ae<\/sup> G-Filler<\/h2><p class=\"elementor-image-box-description\">Nuestras fibras lignocelul\u00f3sicas son un material altamente t\u00e9cnico y vers\u00e1til que est\u00e1 ganando popularidad para m\u00faltiples aplicaciones y en diferentes sectores industriales, tanto por los beneficios mec\u00e1nicos que aportan a los productos finales como por su car\u00e1cter sostenible.<\/p><\/div><\/div>\t\t\t\t<\/div>\n\t\t\t\t<\/div>\n\t\t\t\t<div class=\"elementor-element elementor-element-e390500 elementor-align-left elementor-widget elementor-widget-button\" data-id=\"e390500\" data-element_type=\"widget\" data-widget_type=\"button.default\">\n\t\t\t\t<div class=\"elementor-widget-container\">\n\t\t\t\t\t\t\t\t\t<div class=\"elementor-button-wrapper\">\n\t\t\t\t\t<a class=\"elementor-button elementor-button-link elementor-size-sm\" href=\"https:\/\/greenandgrowth.com\/en\/hempfiber\/\">\n\t\t\t\t\t\t<span class=\"elementor-button-content-wrapper\">\n\t\t\t\t\t\t<span class=\"elementor-button-icon\">\n\t\t\t\t<i aria-hidden=\"true\" class=\"fas fa-arrow-right\"><\/i>\t\t\t<\/span>\n\t\t\t\t\t\t\t\t\t<span class=\"elementor-button-text\">Learn more<\/span>\n\t\t\t\t\t<\/span>\n\t\t\t\t\t<\/a>\n\t\t\t\t<\/div>\n\t\t\t\t\t\t\t\t<\/div>\n\t\t\t\t<\/div>\n\t\t\t\t\t<\/div>\n\t\t<\/div>\n\t\t\t\t\t<\/div>\n\t\t<\/section>\n\t\t\t\t<section class=\"elementor-section elementor-inner-section elementor-element elementor-element-503032d elementor-section-full_width elementor-section-height-default elementor-section-height-default\" data-id=\"503032d\" data-element_type=\"section\">\n\t\t\t\t\t\t<div class=\"elementor-container elementor-column-gap-no\">\n\t\t\t\t\t<div class=\"elementor-column elementor-col-100 elementor-inner-column elementor-element elementor-element-1383fe3 elementor-invisible\" data-id=\"1383fe3\" data-element_type=\"column\" data-settings=\"{&quot;background_background&quot;:&quot;gradient&quot;,&quot;animation&quot;:&quot;fadeInUp&quot;}\">\n\t\t\t<div class=\"elementor-widget-wrap elementor-element-populated\">\n\t\t\t\t\t<div class=\"elementor-background-overlay\"><\/div>\n\t\t\t\t\t\t<div class=\"elementor-element elementor-element-e435ed4 elementor-widget elementor-widget-image-box\" data-id=\"e435ed4\" data-element_type=\"widget\" data-widget_type=\"image-box.default\">\n\t\t\t\t<div class=\"elementor-widget-container\">\n\t\t\t\t\t<div class=\"elementor-image-box-wrapper\"><div class=\"elementor-image-box-content\"><h2 class=\"elementor-image-box-title\">Green &amp; Growth <sup>\u00ae <\/sup>G-Biochar<\/h2><p class=\"elementor-image-box-description translation-block\">Biochar (or biocharcoal) is a material which is rich in carbon, it is highly resistant and persistent over time (refractory), it is obtained by means of thermal decomposition from any biomass in the absence of oxygen (pyrolysis).<\/p><\/div><\/div>\t\t\t\t<\/div>\n\t\t\t\t<\/div>\n\t\t\t\t<div class=\"elementor-element elementor-element-5ef9715 elementor-align-left elementor-widget elementor-widget-button\" data-id=\"5ef9715\" data-element_type=\"widget\" data-widget_type=\"button.default\">\n\t\t\t\t<div class=\"elementor-widget-container\">\n\t\t\t\t\t\t\t\t\t<div class=\"elementor-button-wrapper\">\n\t\t\t\t\t<a class=\"elementor-button elementor-button-link elementor-size-sm\" href=\"https:\/\/greenandgrowth.com\/en\/biochar\/\">\n\t\t\t\t\t\t<span class=\"elementor-button-content-wrapper\">\n\t\t\t\t\t\t<span class=\"elementor-button-icon\">\n\t\t\t\t<i aria-hidden=\"true\" class=\"fas fa-arrow-right\"><\/i>\t\t\t<\/span>\n\t\t\t\t\t\t\t\t\t<span class=\"elementor-button-text\">Learn more<\/span>\n\t\t\t\t\t<\/span>\n\t\t\t\t\t<\/a>\n\t\t\t\t<\/div>\n\t\t\t\t\t\t\t\t<\/div>\n\t\t\t\t<\/div>\n\t\t\t\t\t<\/div>\n\t\t<\/div>\n\t\t\t\t\t<\/div>\n\t\t<\/section>\n\t\t\t\t<section class=\"elementor-section elementor-inner-section elementor-element elementor-element-66a3338 elementor-section-full_width elementor-section-height-default elementor-section-height-default\" data-id=\"66a3338\" data-element_type=\"section\">\n\t\t\t\t\t\t<div class=\"elementor-container elementor-column-gap-no\">\n\t\t\t\t\t<div class=\"elementor-column elementor-col-100 elementor-inner-column elementor-element elementor-element-09a82d7 elementor-invisible\" data-id=\"09a82d7\" data-element_type=\"column\" data-settings=\"{&quot;background_background&quot;:&quot;gradient&quot;,&quot;animation&quot;:&quot;fadeInUp&quot;}\">\n\t\t\t<div class=\"elementor-widget-wrap elementor-element-populated\">\n\t\t\t\t\t<div class=\"elementor-background-overlay\"><\/div>\n\t\t\t\t\t\t<div class=\"elementor-element elementor-element-7115ec3 elementor-widget elementor-widget-image-box\" data-id=\"7115ec3\" data-element_type=\"widget\" data-widget_type=\"image-box.default\">\n\t\t\t\t<div class=\"elementor-widget-container\">\n\t\t\t\t\t<div class=\"elementor-image-box-wrapper\"><div class=\"elementor-image-box-content\"><h2 class=\"elementor-image-box-title\">Green &amp; Growth <sup>\u00ae<\/sup> G-Celluloses<\/h2><p class=\"elementor-image-box-description\">Cellulose is the main building material of nature. It is the most abundant natural biopolymer on the planet, capable of replacing fossil-based materials on a massive scale. <\/p><\/div><\/div>\t\t\t\t<\/div>\n\t\t\t\t<\/div>\n\t\t\t\t<div class=\"elementor-element elementor-element-2ae744a elementor-align-left elementor-widget elementor-widget-button\" data-id=\"2ae744a\" data-element_type=\"widget\" data-widget_type=\"button.default\">\n\t\t\t\t<div class=\"elementor-widget-container\">\n\t\t\t\t\t\t\t\t\t<div class=\"elementor-button-wrapper\">\n\t\t\t\t\t<a class=\"elementor-button elementor-button-link elementor-size-sm\" href=\"https:\/\/greenandgrowth.com\/en\/celulosa\/\">\n\t\t\t\t\t\t<span class=\"elementor-button-content-wrapper\">\n\t\t\t\t\t\t<span class=\"elementor-button-icon\">\n\t\t\t\t<i aria-hidden=\"true\" class=\"fas fa-arrow-right\"><\/i>\t\t\t<\/span>\n\t\t\t\t\t\t\t\t\t<span class=\"elementor-button-text\">Learn more<\/span>\n\t\t\t\t\t<\/span>\n\t\t\t\t\t<\/a>\n\t\t\t\t<\/div>\n\t\t\t\t\t\t\t\t<\/div>\n\t\t\t\t<\/div>\n\t\t\t\t\t<\/div>\n\t\t<\/div>\n\t\t\t\t\t<\/div>\n\t\t<\/section>\n\t\t\t\t<section class=\"elementor-section elementor-inner-section elementor-element elementor-element-73b630f elementor-section-full_width elementor-section-height-default elementor-section-height-default\" data-id=\"73b630f\" data-element_type=\"section\">\n\t\t\t\t\t\t<div class=\"elementor-container elementor-column-gap-no\">\n\t\t\t\t\t<div class=\"elementor-column elementor-col-100 elementor-inner-column elementor-element elementor-element-ae918b9 elementor-invisible\" data-id=\"ae918b9\" data-element_type=\"column\" data-settings=\"{&quot;background_background&quot;:&quot;gradient&quot;,&quot;animation&quot;:&quot;fadeInUp&quot;}\">\n\t\t\t<div class=\"elementor-widget-wrap elementor-element-populated\">\n\t\t\t\t\t<div class=\"elementor-background-overlay\"><\/div>\n\t\t\t\t\t\t<div class=\"elementor-element elementor-element-7d91bf4 elementor-widget elementor-widget-image-box\" data-id=\"7d91bf4\" data-element_type=\"widget\" data-widget_type=\"image-box.default\">\n\t\t\t\t<div class=\"elementor-widget-container\">\n\t\t\t\t\t<div class=\"elementor-image-box-wrapper\"><div class=\"elementor-image-box-content\"><h2 class=\"elementor-image-box-title\">Green &amp; Growth <sup>\u00ae<\/sup> G-Lignin<\/h2><p class=\"elementor-image-box-description\">Cellulose is the main building material of nature. It is the most abundant natural biopolymer on the planet, capable of replacing fossil-based materials on a massive scale. <\/p><\/div><\/div>\t\t\t\t<\/div>\n\t\t\t\t<\/div>\n\t\t\t\t<div class=\"elementor-element elementor-element-bcaa9cd elementor-align-left elementor-widget elementor-widget-button\" data-id=\"bcaa9cd\" data-element_type=\"widget\" data-widget_type=\"button.default\">\n\t\t\t\t<div class=\"elementor-widget-container\">\n\t\t\t\t\t\t\t\t\t<div class=\"elementor-button-wrapper\">\n\t\t\t\t\t<a class=\"elementor-button elementor-button-link elementor-size-sm\" href=\"https:\/\/greenandgrowth.com\/en\/g-lignine\/\">\n\t\t\t\t\t\t<span class=\"elementor-button-content-wrapper\">\n\t\t\t\t\t\t<span class=\"elementor-button-icon\">\n\t\t\t\t<i aria-hidden=\"true\" class=\"fas fa-arrow-right\"><\/i>\t\t\t<\/span>\n\t\t\t\t\t\t\t\t\t<span class=\"elementor-button-text\">Learn more<\/span>\n\t\t\t\t\t<\/span>\n\t\t\t\t\t<\/a>\n\t\t\t\t<\/div>\n\t\t\t\t\t\t\t\t<\/div>\n\t\t\t\t<\/div>\n\t\t\t\t\t<\/div>\n\t\t<\/div>\n\t\t\t\t\t<\/div>\n\t\t<\/section>\n\t\t\t\t<section class=\"elementor-section elementor-inner-section elementor-element elementor-element-6a5f2a1 elementor-section-full_width elementor-section-height-default elementor-section-height-default\" data-id=\"6a5f2a1\" data-element_type=\"section\">\n\t\t\t\t\t\t<div class=\"elementor-container elementor-column-gap-no\">\n\t\t\t\t\t<div class=\"elementor-column elementor-col-100 elementor-inner-column elementor-element elementor-element-e0f14e7 elementor-invisible\" data-id=\"e0f14e7\" data-element_type=\"column\" data-settings=\"{&quot;background_background&quot;:&quot;gradient&quot;,&quot;animation&quot;:&quot;fadeInUp&quot;}\">\n\t\t\t<div class=\"elementor-widget-wrap elementor-element-populated\">\n\t\t\t\t\t<div class=\"elementor-background-overlay\"><\/div>\n\t\t\t\t\t\t<div class=\"elementor-element elementor-element-cedeba8 elementor-widget elementor-widget-image-box\" data-id=\"cedeba8\" data-element_type=\"widget\" data-widget_type=\"image-box.default\">\n\t\t\t\t<div class=\"elementor-widget-container\">\n\t\t\t\t\t<div class=\"elementor-image-box-wrapper\"><div class=\"elementor-image-box-content\"><h2 class=\"elementor-image-box-title\">Green &amp; Growth <sup>\u00ae<\/sup> G-Graphene-Like<\/h2><p class=\"elementor-image-box-description\">La biomasa fibrosa es un precursor natural con alto contenido de carbono y es una fuente ideal de bajo costo para producir compuestos ricos en carbono.<\/p><\/div><\/div>\t\t\t\t<\/div>\n\t\t\t\t<\/div>\n\t\t\t\t<div class=\"elementor-element elementor-element-a5159b1 elementor-align-left elementor-widget elementor-widget-button\" data-id=\"a5159b1\" data-element_type=\"widget\" data-widget_type=\"button.default\">\n\t\t\t\t<div class=\"elementor-widget-container\">\n\t\t\t\t\t\t\t\t\t<div class=\"elementor-button-wrapper\">\n\t\t\t\t\t<a class=\"elementor-button elementor-button-link elementor-size-sm\" href=\"https:\/\/greenandgrowth.com\/en\/g-graphene-like\/\">\n\t\t\t\t\t\t<span class=\"elementor-button-content-wrapper\">\n\t\t\t\t\t\t<span class=\"elementor-button-icon\">\n\t\t\t\t<i aria-hidden=\"true\" class=\"fas fa-arrow-right\"><\/i>\t\t\t<\/span>\n\t\t\t\t\t\t\t\t\t<span class=\"elementor-button-text\">Learn more<\/span>\n\t\t\t\t\t<\/span>\n\t\t\t\t\t<\/a>\n\t\t\t\t<\/div>\n\t\t\t\t\t\t\t\t<\/div>\n\t\t\t\t<\/div>\n\t\t\t\t\t<\/div>\n\t\t<\/div>\n\t\t\t\t\t<\/div>\n\t\t<\/section>\n\t\t\t\t\t<\/div>\n\t\t<\/div>\n\t\t\t\t\t<\/div>\n\t\t<\/section>\n\t\t\t\t<\/div>","protected":false},"excerpt":{"rendered":"<p>PRODUCTOS Green &amp; Growth \u00ae G-Filler Nuestras fibras lignocelul\u00f3sicas son un material altamente t\u00e9cnico y vers\u00e1til que est\u00e1 ganando popularidad para m\u00faltiples aplicaciones y en diferentes sectores industriales, tanto por los beneficios mec\u00e1nicos que aportan a los productos finales como por su car\u00e1cter sostenible. Conoce m\u00e1s Green &amp; Growth \u00ae G-Biochar El biochar (o biocarb\u00f3n) [&hellip;]<\/p>","protected":false},"author":5,"featured_media":0,"parent":0,"menu_order":0,"comment_status":"closed","ping_status":"closed","template":"","meta":{"footnotes":""},"class_list":["post-3155","page","type-page","status-publish","hentry"],"yoast_head":"<!-- This site is optimized with the Yoast SEO Premium plugin v24.5 (Yoast SEO v26.2) - https:\/\/yoast.com\/wordpress\/plugins\/seo\/ -->\n<title>PRODUCTOS - GREEN AND GROWTH<\/title>\n<meta name=\"robots\" content=\"index, follow, max-snippet:-1, max-image-preview:large, max-video-preview:-1\" \/>\n<link rel=\"canonical\" href=\"https:\/\/greenandgrowth.com\/en\/productos\/\" \/>\n<meta property=\"og:locale\" content=\"en_US\" \/>\n<meta property=\"og:type\" content=\"article\" \/>\n<meta property=\"og:title\" content=\"PRODUCTOS\" \/>\n<meta property=\"og:description\" content=\"PRODUCTOS Green &amp; Growth \u00ae G-Filler Nuestras fibras lignocelul\u00f3sicas son un material altamente t\u00e9cnico y vers\u00e1til que est\u00e1 ganando popularidad para m\u00faltiples aplicaciones y en diferentes sectores industriales, tanto por los beneficios mec\u00e1nicos que aportan a los productos finales como por su car\u00e1cter sostenible. Conoce m\u00e1s Green &amp; Growth \u00ae G-Biochar El biochar (o biocarb\u00f3n) [&hellip;]\" \/>\n<meta property=\"og:url\" content=\"https:\/\/greenandgrowth.com\/en\/productos\/\" \/>\n<meta property=\"og:site_name\" content=\"GREEN AND GROWTH\" \/>\n<meta property=\"article:modified_time\" content=\"2025-03-09T01:34:20+00:00\" \/>\n<meta name=\"twitter:card\" content=\"summary_large_image\" \/>\n<meta name=\"twitter:label1\" content=\"Est. reading time\" \/>\n\t<meta name=\"twitter:data1\" content=\"1 minute\" \/>\n<script type=\"application\/ld+json\" class=\"yoast-schema-graph\">{\"@context\":\"https:\/\/schema.org\",\"@graph\":[{\"@type\":\"WebPage\",\"@id\":\"https:\/\/greenandgrowth.com\/productos\/\",\"url\":\"https:\/\/greenandgrowth.com\/productos\/\",\"name\":\"PRODUCTOS - GREEN AND GROWTH\",\"isPartOf\":{\"@id\":\"https:\/\/greenandgrowth.com\/#website\"},\"datePublished\":\"2023-09-14T14:14:11+00:00\",\"dateModified\":\"2025-03-09T01:34:20+00:00\",\"inLanguage\":\"en-US\",\"potentialAction\":[{\"@type\":\"ReadAction\",\"target\":[\"https:\/\/greenandgrowth.com\/productos\/\"]}]},{\"@type\":\"WebSite\",\"@id\":\"https:\/\/greenandgrowth.com\/#website\",\"url\":\"https:\/\/greenandgrowth.com\/\",\"name\":\"GREEN AND GROWTH\",\"description\":\"Compa\u00f1\u00eda internacional de desarrollo, producci\u00f3n y suministro\",\"publisher\":{\"@id\":\"https:\/\/greenandgrowth.com\/#organization\"},\"potentialAction\":[{\"@type\":\"SearchAction\",\"target\":{\"@type\":\"EntryPoint\",\"urlTemplate\":\"https:\/\/greenandgrowth.com\/?s={search_term_string}\"},\"query-input\":{\"@type\":\"PropertyValueSpecification\",\"valueRequired\":true,\"valueName\":\"search_term_string\"}}],\"inLanguage\":\"en-US\"},{\"@type\":\"Organization\",\"@id\":\"https:\/\/greenandgrowth.com\/#organization\",\"name\":\"GREEN AND GROWTH\",\"url\":\"https:\/\/greenandgrowth.com\/\",\"logo\":{\"@type\":\"ImageObject\",\"inLanguage\":\"en-US\",\"@id\":\"https:\/\/greenandgrowth.com\/#\/schema\/logo\/image\/\",\"url\":\"https:\/\/greenandgrowth.com\/wp-content\/uploads\/2023\/09\/LOGO-FINAL-GG-AZUL_SinFondo.png\",\"contentUrl\":\"https:\/\/greenandgrowth.com\/wp-content\/uploads\/2023\/09\/LOGO-FINAL-GG-AZUL_SinFondo.png\",\"width\":3200,\"height\":815,\"caption\":\"GREEN AND GROWTH\"},\"image\":{\"@id\":\"https:\/\/greenandgrowth.com\/#\/schema\/logo\/image\/\"}}]}<\/script>\n<!-- \/ Yoast SEO Premium plugin. -->","yoast_head_json":{"title":"PRODUCTOS - GREEN AND GROWTH","robots":{"index":"index","follow":"follow","max-snippet":"max-snippet:-1","max-image-preview":"max-image-preview:large","max-video-preview":"max-video-preview:-1"},"canonical":"https:\/\/greenandgrowth.com\/en\/productos\/","og_locale":"en_US","og_type":"article","og_title":"PRODUCTOS","og_description":"PRODUCTOS Green &amp; Growth \u00ae G-Filler Nuestras fibras lignocelul\u00f3sicas son un material altamente t\u00e9cnico y vers\u00e1til que est\u00e1 ganando popularidad para m\u00faltiples aplicaciones y en diferentes sectores industriales, tanto por los beneficios mec\u00e1nicos que aportan a los productos finales como por su car\u00e1cter sostenible. Conoce m\u00e1s Green &amp; Growth \u00ae G-Biochar El biochar (o biocarb\u00f3n) [&hellip;]","og_url":"https:\/\/greenandgrowth.com\/en\/productos\/","og_site_name":"GREEN AND GROWTH","article_modified_time":"2025-03-09T01:34:20+00:00","twitter_card":"summary_large_image","twitter_misc":{"Est. reading time":"1 minute"},"schema":{"@context":"https:\/\/schema.org","@graph":[{"@type":"WebPage","@id":"https:\/\/greenandgrowth.com\/productos\/","url":"https:\/\/greenandgrowth.com\/productos\/","name":"PRODUCTOS - GREEN AND GROWTH","isPartOf":{"@id":"https:\/\/greenandgrowth.com\/#website"},"datePublished":"2023-09-14T14:14:11+00:00","dateModified":"2025-03-09T01:34:20+00:00","inLanguage":"en-US","potentialAction":[{"@type":"ReadAction","target":["https:\/\/greenandgrowth.com\/productos\/"]}]},{"@type":"WebSite","@id":"https:\/\/greenandgrowth.com\/#website","url":"https:\/\/greenandgrowth.com\/","name":"GREEN AND GROWTH","description":"Compa\u00f1\u00eda internacional de desarrollo, producci\u00f3n y suministro","publisher":{"@id":"https:\/\/greenandgrowth.com\/#organization"},"potentialAction":[{"@type":"SearchAction","target":{"@type":"EntryPoint","urlTemplate":"https:\/\/greenandgrowth.com\/?s={search_term_string}"},"query-input":{"@type":"PropertyValueSpecification","valueRequired":true,"valueName":"search_term_string"}}],"inLanguage":"en-US"},{"@type":"Organization","@id":"https:\/\/greenandgrowth.com\/#organization","name":"GREEN AND GROWTH","url":"https:\/\/greenandgrowth.com\/","logo":{"@type":"ImageObject","inLanguage":"en-US","@id":"https:\/\/greenandgrowth.com\/#\/schema\/logo\/image\/","url":"https:\/\/greenandgrowth.com\/wp-content\/uploads\/2023\/09\/LOGO-FINAL-GG-AZUL_SinFondo.png","contentUrl":"https:\/\/greenandgrowth.com\/wp-content\/uploads\/2023\/09\/LOGO-FINAL-GG-AZUL_SinFondo.png","width":3200,"height":815,"caption":"GREEN AND GROWTH"},"image":{"@id":"https:\/\/greenandgrowth.com\/#\/schema\/logo\/image\/"}}]}},"_links":{"self":[{"href":"https:\/\/greenandgrowth.com\/en\/wp-json\/wp\/v2\/pages\/3155","targetHints":{"allow":["GET"]}}],"collection":[{"href":"https:\/\/greenandgrowth.com\/en\/wp-json\/wp\/v2\/pages"}],"about":[{"href":"https:\/\/greenandgrowth.com\/en\/wp-json\/wp\/v2\/types\/page"}],"author":[{"embeddable":true,"href":"https:\/\/greenandgrowth.com\/en\/wp-json\/wp\/v2\/users\/5"}],"replies":[{"embeddable":true,"href":"https:\/\/greenandgrowth.com\/en\/wp-json\/wp\/v2\/comments?post=3155"}],"version-history":[{"count":67,"href":"https:\/\/greenandgrowth.com\/en\/wp-json\/wp\/v2\/pages\/3155\/revisions"}],"predecessor-version":[{"id":4573,"href":"https:\/\/greenandgrowth.com\/en\/wp-json\/wp\/v2\/pages\/3155\/revisions\/4573"}],"wp:attachment":[{"href":"https:\/\/greenandgrowth.com\/en\/wp-json\/wp\/v2\/media?parent=3155"}],"curies":[{"name":"wp","href":"https:\/\/api.w.org\/{rel}","templated":true}]}}