{"id":3189,"date":"2023-09-14T14:13:06","date_gmt":"2023-09-14T14:13:06","guid":{"rendered":"https:\/\/greenandgrowth.com\/?page_id=3189"},"modified":"2024-02-23T21:20:13","modified_gmt":"2024-02-23T21:20:13","slug":"contacto-2","status":"publish","type":"page","link":"https:\/\/greenandgrowth.com\/en\/contacto-2\/","title":{"rendered":"CONTACT"},"content":{"rendered":"<div data-elementor-type=\"wp-page\" data-elementor-id=\"3189\" class=\"elementor elementor-3189\" data-elementor-post-type=\"page\">\n\t\t\t\t\t\t<section class=\"elementor-section elementor-top-section elementor-element elementor-element-15dc3aa6 elementor-section-full_width elementor-section-stretched elementor-section-height-default elementor-section-height-default\" data-id=\"15dc3aa6\" data-element_type=\"section\" data-settings=\"{&quot;stretch_section&quot;:&quot;section-stretched&quot;}\">\n\t\t\t\t\t\t<div class=\"elementor-container elementor-column-gap-no\">\n\t\t\t\t\t<div class=\"elementor-column elementor-col-50 elementor-top-column elementor-element elementor-element-2848c9a\" data-id=\"2848c9a\" data-element_type=\"column\">\n\t\t\t<div class=\"elementor-widget-wrap elementor-element-populated\">\n\t\t\t\t\t\t<div class=\"elementor-element elementor-element-1b435bdd elementor-widget elementor-widget-image\" data-id=\"1b435bdd\" data-element_type=\"widget\" data-widget_type=\"image.default\">\n\t\t\t\t<div class=\"elementor-widget-container\">\n\t\t\t\t\t\t\t\t\t\t\t\t\t\t\t<img decoding=\"async\" src=\"https:\/\/greenandgrowth.com\/wp-content\/uploads\/elementor\/thumbs\/Contact-Us-01-qdvi4fuildo7wca7sqpeozzicg6vvdky8zh93hqhz4.webp\" title=\"Contact-Us-01\" alt=\"Contact-Us-01\" loading=\"lazy\" \/>\t\t\t\t\t\t\t\t\t\t\t\t\t\t\t<\/div>\n\t\t\t\t<\/div>\n\t\t\t\t\t<\/div>\n\t\t<\/div>\n\t\t\t\t<div class=\"elementor-column elementor-col-50 elementor-top-column elementor-element elementor-element-1164d9c4\" data-id=\"1164d9c4\" data-element_type=\"column\">\n\t\t\t<div class=\"elementor-widget-wrap elementor-element-populated\">\n\t\t\t\t\t\t<section class=\"elementor-section elementor-inner-section elementor-element elementor-element-35723aa3 elementor-section-full_width elementor-section-height-default elementor-section-height-default\" data-id=\"35723aa3\" data-element_type=\"section\">\n\t\t\t\t\t\t<div class=\"elementor-container elementor-column-gap-no\">\n\t\t\t\t\t<div class=\"elementor-column elementor-col-50 elementor-inner-column elementor-element elementor-element-191e8fd9\" data-id=\"191e8fd9\" data-element_type=\"column\">\n\t\t\t<div class=\"elementor-widget-wrap elementor-element-populated\">\n\t\t\t\t\t\t<div class=\"elementor-element elementor-element-5785acbb elementor-widget elementor-widget-image\" data-id=\"5785acbb\" data-element_type=\"widget\" data-widget_type=\"image.default\">\n\t\t\t\t<div class=\"elementor-widget-container\">\n\t\t\t\t\t\t\t\t\t\t\t\t\t\t\t<img decoding=\"async\" src=\"https:\/\/greenandgrowth.com\/wp-content\/uploads\/elementor\/thumbs\/Contact-Us-02_02-qdvib88jyayrqyf85ocepabcsmqbgoj5ul3hvfo51c.webp\" title=\"Contact-Us-02_02\" alt=\"Contact-Us-02_02\" loading=\"lazy\" \/>\t\t\t\t\t\t\t\t\t\t\t\t\t\t\t<\/div>\n\t\t\t\t<\/div>\n\t\t\t\t\t<\/div>\n\t\t<\/div>\n\t\t\t\t<div class=\"elementor-column elementor-col-50 elementor-inner-column elementor-element elementor-element-5d8b57f\" data-id=\"5d8b57f\" data-element_type=\"column\">\n\t\t\t<div class=\"elementor-widget-wrap elementor-element-populated\">\n\t\t\t\t\t\t<div class=\"elementor-element elementor-element-374eb0cc elementor-widget elementor-widget-image\" data-id=\"374eb0cc\" data-element_type=\"widget\" data-widget_type=\"image.default\">\n\t\t\t\t<div class=\"elementor-widget-container\">\n\t\t\t\t\t\t\t\t\t\t\t\t\t\t\t<img decoding=\"async\" src=\"https:\/\/greenandgrowth.com\/wp-content\/uploads\/elementor\/thumbs\/Contact-Us-03_02-qdvifgiepgr7zsa1gi5yx7w111vs3nbofis5m9ed1c.webp\" title=\"Contact-Us-03_02\" alt=\"Contact-Us-03_02\" loading=\"lazy\" \/>\t\t\t\t\t\t\t\t\t\t\t\t\t\t\t<\/div>\n\t\t\t\t<\/div>\n\t\t\t\t\t<\/div>\n\t\t<\/div>\n\t\t\t\t\t<\/div>\n\t\t<\/section>\n\t\t\t\t<section class=\"elementor-section elementor-inner-section elementor-element elementor-element-6771395d elementor-section-full_width elementor-section-height-default elementor-section-height-default\" data-id=\"6771395d\" data-element_type=\"section\">\n\t\t\t\t\t\t<div class=\"elementor-container elementor-column-gap-no\">\n\t\t\t\t\t<div class=\"elementor-column elementor-col-50 elementor-inner-column elementor-element elementor-element-45a26d3e\" data-id=\"45a26d3e\" data-element_type=\"column\">\n\t\t\t<div class=\"elementor-widget-wrap elementor-element-populated\">\n\t\t\t\t\t\t<div class=\"elementor-element elementor-element-7a9398ae elementor-widget elementor-widget-image\" data-id=\"7a9398ae\" data-element_type=\"widget\" data-widget_type=\"image.default\">\n\t\t\t\t<div class=\"elementor-widget-container\">\n\t\t\t\t\t\t\t\t\t\t\t\t\t\t\t<img decoding=\"async\" src=\"https:\/\/greenandgrowth.com\/wp-content\/uploads\/elementor\/thumbs\/Contact-Us-04_02-qdviibwnl8orgw3uoquxjhsqdfq5mcq5hqjkep520w.webp\" title=\"Contact-Us-04_02\" alt=\"Contact-Us-04_02\" loading=\"lazy\" \/>\t\t\t\t\t\t\t\t\t\t\t\t\t\t\t<\/div>\n\t\t\t\t<\/div>\n\t\t\t\t\t<\/div>\n\t\t<\/div>\n\t\t\t\t<div class=\"elementor-column elementor-col-50 elementor-inner-column elementor-element elementor-element-5855e7d9\" data-id=\"5855e7d9\" data-element_type=\"column\">\n\t\t\t<div class=\"elementor-widget-wrap elementor-element-populated\">\n\t\t\t\t\t\t<div class=\"elementor-element elementor-element-72908fe1 elementor-widget elementor-widget-image\" data-id=\"72908fe1\" data-element_type=\"widget\" data-widget_type=\"image.default\">\n\t\t\t\t<div class=\"elementor-widget-container\">\n\t\t\t\t\t\t\t\t\t\t\t\t\t\t\t<img decoding=\"async\" src=\"https:\/\/greenandgrowth.com\/wp-content\/uploads\/elementor\/thumbs\/Contact-Us-05_03-qdviq171ld8clux2pkpvh1tpm3rfp2ayvuzszbpx1c.webp\" title=\"Contact-Us-05_03\" alt=\"Contact-Us-05_03\" loading=\"lazy\" \/>\t\t\t\t\t\t\t\t\t\t\t\t\t\t\t<\/div>\n\t\t\t\t<\/div>\n\t\t\t\t\t<\/div>\n\t\t<\/div>\n\t\t\t\t\t<\/div>\n\t\t<\/section>\n\t\t\t\t\t<\/div>\n\t\t<\/div>\n\t\t\t\t\t<\/div>\n\t\t<\/section>\n\t\t\t\t<section class=\"elementor-section elementor-top-section elementor-element elementor-element-40b9aade elementor-section-stretched elementor-section-boxed elementor-section-height-default elementor-section-height-default\" data-id=\"40b9aade\" data-element_type=\"section\" id=\"xs_accor_box_shadow_round\" data-settings=\"{&quot;background_background&quot;:&quot;classic&quot;,&quot;stretch_section&quot;:&quot;section-stretched&quot;}\">\n\t\t\t\t\t\t<div class=\"elementor-container elementor-column-gap-default\">\n\t\t\t\t\t<div class=\"elementor-column elementor-col-100 elementor-top-column elementor-element elementor-element-450bc7f1\" data-id=\"450bc7f1\" data-element_type=\"column\">\n\t\t\t<div class=\"elementor-widget-wrap elementor-element-populated\">\n\t\t\t\t\t\t<div class=\"elementor-element elementor-element-6f4d8b51 elementor-widget elementor-widget-elementskit-heading\" data-id=\"6f4d8b51\" data-element_type=\"widget\" data-widget_type=\"elementskit-heading.default\">\n\t\t\t\t<div class=\"elementor-widget-container\">\n\t\t\t\t\t<div class=\"ekit-wid-con\" ><div class=\"ekit-heading elementskit-section-title-wraper text_left   ekit_heading_tablet-   ekit_heading_mobile-\"><h1 class=\"ekit-heading--title elementskit-section-title\">CONTACT US<\/h1><div class=\"ekit_heading_separetor_wraper ekit_heading_elementskit-border-divider elementskit-style-long\"><div class=\"elementskit-border-divider elementskit-style-long\"><\/div><\/div><\/div><\/div>\t\t\t\t<\/div>\n\t\t\t\t<\/div>\n\t\t\t\t\t<\/div>\n\t\t<\/div>\n\t\t\t\t\t<\/div>\n\t\t<\/section>\n\t\t\t\t<section class=\"elementor-section elementor-top-section elementor-element elementor-element-175fd623 elementor-section-stretched elementor-section-boxed elementor-section-height-default elementor-section-height-default\" data-id=\"175fd623\" data-element_type=\"section\" data-settings=\"{&quot;stretch_section&quot;:&quot;section-stretched&quot;}\">\n\t\t\t\t\t\t\t<div class=\"elementor-background-overlay\"><\/div>\n\t\t\t\t\t\t\t<div class=\"elementor-container elementor-column-gap-default\">\n\t\t\t\t\t<div class=\"elementor-column elementor-col-100 elementor-top-column elementor-element elementor-element-abd2822\" data-id=\"abd2822\" data-element_type=\"column\">\n\t\t\t<div class=\"elementor-widget-wrap elementor-element-populated\">\n\t\t\t\t\t\t<section class=\"elementor-section elementor-inner-section elementor-element elementor-element-66a5e978 elementor-section-boxed elementor-section-height-default elementor-section-height-default\" data-id=\"66a5e978\" data-element_type=\"section\">\n\t\t\t\t\t\t<div class=\"elementor-container elementor-column-gap-no\">\n\t\t\t\t\t<div class=\"elementor-column elementor-col-100 elementor-inner-column elementor-element elementor-element-7092bbfc\" data-id=\"7092bbfc\" data-element_type=\"column\">\n\t\t\t<div class=\"elementor-widget-wrap elementor-element-populated\">\n\t\t\t\t\t\t<div class=\"elementor-element elementor-element-963d249 elementor-invisible elementor-widget elementor-widget-text-editor\" data-id=\"963d249\" data-element_type=\"widget\" data-settings=\"{&quot;_animation&quot;:&quot;fadeIn&quot;}\" data-widget_type=\"text-editor.default\">\n\t\t\t\t<div class=\"elementor-widget-container\">\n\t\t\t\t\t\t\t\t\t<p>Do you have any questions or comments? We're here to help! <br \/><br \/>Feel free to get in touch with us via our official email <strong>info@greenandgrowth.com <\/strong><\/p>\t\t\t\t\t\t\t\t<\/div>\n\t\t\t\t<\/div>\n\t\t\t\t\t<\/div>\n\t\t<\/div>\n\t\t\t\t\t<\/div>\n\t\t<\/section>\n\t\t\t\t\t<\/div>\n\t\t<\/div>\n\t\t\t\t\t<\/div>\n\t\t<\/section>\n\t\t\t\t<\/div>","protected":false},"excerpt":{"rendered":"<p>CONT\u00c1CTANOS Tienes alguna pregunta o comentario?\u00a0 \u00a1Estamos aqu\u00ed para ayudarte! No dudes en ponerte en contacto con nosotros a trav\u00e9s de nuestro correo electr\u00f3nico oficial info@greenandgrowth.com<\/p>","protected":false},"author":5,"featured_media":0,"parent":0,"menu_order":0,"comment_status":"closed","ping_status":"closed","template":"","meta":{"footnotes":""},"class_list":["post-3189","page","type-page","status-publish","hentry"],"yoast_head":"<!-- This site is optimized with the Yoast SEO Premium plugin v24.5 (Yoast SEO v26.2) - https:\/\/yoast.com\/wordpress\/plugins\/seo\/ -->\n<title>CONTACTO - GREEN AND GROWTH<\/title>\n<meta name=\"robots\" content=\"index, follow, max-snippet:-1, max-image-preview:large, max-video-preview:-1\" \/>\n<link rel=\"canonical\" href=\"https:\/\/greenandgrowth.com\/en\/contacto-2\/\" \/>\n<meta property=\"og:locale\" content=\"en_US\" \/>\n<meta property=\"og:type\" content=\"article\" \/>\n<meta property=\"og:title\" content=\"CONTACTO\" \/>\n<meta property=\"og:description\" content=\"CONT\u00c1CTANOS Tienes alguna pregunta o comentario?\u00a0 \u00a1Estamos aqu\u00ed para ayudarte! No dudes en ponerte en contacto con nosotros a trav\u00e9s de nuestro correo electr\u00f3nico oficial info@greenandgrowth.com\" \/>\n<meta property=\"og:url\" content=\"https:\/\/greenandgrowth.com\/en\/contacto-2\/\" \/>\n<meta property=\"og:site_name\" content=\"GREEN AND GROWTH\" \/>\n<meta property=\"article:modified_time\" content=\"2024-02-23T21:20:13+00:00\" \/>\n<meta property=\"og:image\" content=\"https:\/\/greenandgrowth.com\/wp-content\/uploads\/elementor\/thumbs\/Contact-Us-01-qdvi4fuildo7wca7sqpeozzicg6vvdky8zh93hqhz4.webp\" \/>\n<meta name=\"twitter:card\" content=\"summary_large_image\" \/>\n<meta name=\"twitter:label1\" content=\"Est. reading time\" \/>\n\t<meta name=\"twitter:data1\" content=\"2 minutes\" \/>\n<script type=\"application\/ld+json\" class=\"yoast-schema-graph\">{\"@context\":\"https:\/\/schema.org\",\"@graph\":[{\"@type\":\"WebPage\",\"@id\":\"https:\/\/greenandgrowth.com\/contacto-2\/\",\"url\":\"https:\/\/greenandgrowth.com\/contacto-2\/\",\"name\":\"CONTACTO - GREEN AND GROWTH\",\"isPartOf\":{\"@id\":\"https:\/\/greenandgrowth.com\/#website\"},\"primaryImageOfPage\":{\"@id\":\"https:\/\/greenandgrowth.com\/contacto-2\/#primaryimage\"},\"image\":{\"@id\":\"https:\/\/greenandgrowth.com\/contacto-2\/#primaryimage\"},\"thumbnailUrl\":\"https:\/\/greenandgrowth.com\/wp-content\/uploads\/elementor\/thumbs\/Contact-Us-01-qdvi4fuildo7wca7sqpeozzicg6vvdky8zh93hqhz4.webp\",\"datePublished\":\"2023-09-14T14:13:06+00:00\",\"dateModified\":\"2024-02-23T21:20:13+00:00\",\"inLanguage\":\"en-US\",\"potentialAction\":[{\"@type\":\"ReadAction\",\"target\":[\"https:\/\/greenandgrowth.com\/contacto-2\/\"]}]},{\"@type\":\"ImageObject\",\"inLanguage\":\"en-US\",\"@id\":\"https:\/\/greenandgrowth.com\/contacto-2\/#primaryimage\",\"url\":\"https:\/\/greenandgrowth.com\/wp-content\/uploads\/elementor\/thumbs\/Contact-Us-01-qdvi4fuildo7wca7sqpeozzicg6vvdky8zh93hqhz4.webp\",\"contentUrl\":\"https:\/\/greenandgrowth.com\/wp-content\/uploads\/elementor\/thumbs\/Contact-Us-01-qdvi4fuildo7wca7sqpeozzicg6vvdky8zh93hqhz4.webp\"},{\"@type\":\"WebSite\",\"@id\":\"https:\/\/greenandgrowth.com\/#website\",\"url\":\"https:\/\/greenandgrowth.com\/\",\"name\":\"GREEN AND GROWTH\",\"description\":\"Compa\u00f1\u00eda internacional de desarrollo, producci\u00f3n y suministro\",\"publisher\":{\"@id\":\"https:\/\/greenandgrowth.com\/#organization\"},\"potentialAction\":[{\"@type\":\"SearchAction\",\"target\":{\"@type\":\"EntryPoint\",\"urlTemplate\":\"https:\/\/greenandgrowth.com\/?s={search_term_string}\"},\"query-input\":{\"@type\":\"PropertyValueSpecification\",\"valueRequired\":true,\"valueName\":\"search_term_string\"}}],\"inLanguage\":\"en-US\"},{\"@type\":\"Organization\",\"@id\":\"https:\/\/greenandgrowth.com\/#organization\",\"name\":\"GREEN AND GROWTH\",\"url\":\"https:\/\/greenandgrowth.com\/\",\"logo\":{\"@type\":\"ImageObject\",\"inLanguage\":\"en-US\",\"@id\":\"https:\/\/greenandgrowth.com\/#\/schema\/logo\/image\/\",\"url\":\"https:\/\/greenandgrowth.com\/wp-content\/uploads\/2023\/09\/LOGO-FINAL-GG-AZUL_SinFondo.png\",\"contentUrl\":\"https:\/\/greenandgrowth.com\/wp-content\/uploads\/2023\/09\/LOGO-FINAL-GG-AZUL_SinFondo.png\",\"width\":3200,\"height\":815,\"caption\":\"GREEN AND GROWTH\"},\"image\":{\"@id\":\"https:\/\/greenandgrowth.com\/#\/schema\/logo\/image\/\"}}]}<\/script>\n<!-- \/ Yoast SEO Premium plugin. -->","yoast_head_json":{"title":"CONTACTO - GREEN AND GROWTH","robots":{"index":"index","follow":"follow","max-snippet":"max-snippet:-1","max-image-preview":"max-image-preview:large","max-video-preview":"max-video-preview:-1"},"canonical":"https:\/\/greenandgrowth.com\/en\/contacto-2\/","og_locale":"en_US","og_type":"article","og_title":"CONTACTO","og_description":"CONT\u00c1CTANOS Tienes alguna pregunta o comentario?\u00a0 \u00a1Estamos aqu\u00ed para ayudarte! No dudes en ponerte en contacto con nosotros a trav\u00e9s de nuestro correo electr\u00f3nico oficial info@greenandgrowth.com","og_url":"https:\/\/greenandgrowth.com\/en\/contacto-2\/","og_site_name":"GREEN AND GROWTH","article_modified_time":"2024-02-23T21:20:13+00:00","og_image":[{"url":"https:\/\/greenandgrowth.com\/wp-content\/uploads\/elementor\/thumbs\/Contact-Us-01-qdvi4fuildo7wca7sqpeozzicg6vvdky8zh93hqhz4.webp","type":"","width":"","height":""}],"twitter_card":"summary_large_image","twitter_misc":{"Est. reading time":"2 minutes"},"schema":{"@context":"https:\/\/schema.org","@graph":[{"@type":"WebPage","@id":"https:\/\/greenandgrowth.com\/contacto-2\/","url":"https:\/\/greenandgrowth.com\/contacto-2\/","name":"CONTACTO - GREEN AND GROWTH","isPartOf":{"@id":"https:\/\/greenandgrowth.com\/#website"},"primaryImageOfPage":{"@id":"https:\/\/greenandgrowth.com\/contacto-2\/#primaryimage"},"image":{"@id":"https:\/\/greenandgrowth.com\/contacto-2\/#primaryimage"},"thumbnailUrl":"https:\/\/greenandgrowth.com\/wp-content\/uploads\/elementor\/thumbs\/Contact-Us-01-qdvi4fuildo7wca7sqpeozzicg6vvdky8zh93hqhz4.webp","datePublished":"2023-09-14T14:13:06+00:00","dateModified":"2024-02-23T21:20:13+00:00","inLanguage":"en-US","potentialAction":[{"@type":"ReadAction","target":["https:\/\/greenandgrowth.com\/contacto-2\/"]}]},{"@type":"ImageObject","inLanguage":"en-US","@id":"https:\/\/greenandgrowth.com\/contacto-2\/#primaryimage","url":"https:\/\/greenandgrowth.com\/wp-content\/uploads\/elementor\/thumbs\/Contact-Us-01-qdvi4fuildo7wca7sqpeozzicg6vvdky8zh93hqhz4.webp","contentUrl":"https:\/\/greenandgrowth.com\/wp-content\/uploads\/elementor\/thumbs\/Contact-Us-01-qdvi4fuildo7wca7sqpeozzicg6vvdky8zh93hqhz4.webp"},{"@type":"WebSite","@id":"https:\/\/greenandgrowth.com\/#website","url":"https:\/\/greenandgrowth.com\/","name":"GREEN AND GROWTH","description":"Compa\u00f1\u00eda internacional de desarrollo, producci\u00f3n y suministro","publisher":{"@id":"https:\/\/greenandgrowth.com\/#organization"},"potentialAction":[{"@type":"SearchAction","target":{"@type":"EntryPoint","urlTemplate":"https:\/\/greenandgrowth.com\/?s={search_term_string}"},"query-input":{"@type":"PropertyValueSpecification","valueRequired":true,"valueName":"search_term_string"}}],"inLanguage":"en-US"},{"@type":"Organization","@id":"https:\/\/greenandgrowth.com\/#organization","name":"GREEN AND GROWTH","url":"https:\/\/greenandgrowth.com\/","logo":{"@type":"ImageObject","inLanguage":"en-US","@id":"https:\/\/greenandgrowth.com\/#\/schema\/logo\/image\/","url":"https:\/\/greenandgrowth.com\/wp-content\/uploads\/2023\/09\/LOGO-FINAL-GG-AZUL_SinFondo.png","contentUrl":"https:\/\/greenandgrowth.com\/wp-content\/uploads\/2023\/09\/LOGO-FINAL-GG-AZUL_SinFondo.png","width":3200,"height":815,"caption":"GREEN AND GROWTH"},"image":{"@id":"https:\/\/greenandgrowth.com\/#\/schema\/logo\/image\/"}}]}},"_links":{"self":[{"href":"https:\/\/greenandgrowth.com\/en\/wp-json\/wp\/v2\/pages\/3189","targetHints":{"allow":["GET"]}}],"collection":[{"href":"https:\/\/greenandgrowth.com\/en\/wp-json\/wp\/v2\/pages"}],"about":[{"href":"https:\/\/greenandgrowth.com\/en\/wp-json\/wp\/v2\/types\/page"}],"author":[{"embeddable":true,"href":"https:\/\/greenandgrowth.com\/en\/wp-json\/wp\/v2\/users\/5"}],"replies":[{"embeddable":true,"href":"https:\/\/greenandgrowth.com\/en\/wp-json\/wp\/v2\/comments?post=3189"}],"version-history":[{"count":26,"href":"https:\/\/greenandgrowth.com\/en\/wp-json\/wp\/v2\/pages\/3189\/revisions"}],"predecessor-version":[{"id":4279,"href":"https:\/\/greenandgrowth.com\/en\/wp-json\/wp\/v2\/pages\/3189\/revisions\/4279"}],"wp:attachment":[{"href":"https:\/\/greenandgrowth.com\/en\/wp-json\/wp\/v2\/media?parent=3189"}],"curies":[{"name":"wp","href":"https:\/\/api.w.org\/{rel}","templated":true}]}}