{"id":4230,"date":"2023-12-05T20:23:29","date_gmt":"2023-12-05T20:23:29","guid":{"rendered":"https:\/\/greenandgrowth.com\/?page_id=4230"},"modified":"2024-07-09T22:40:03","modified_gmt":"2024-07-09T22:40:03","slug":"downloads","status":"publish","type":"page","link":"https:\/\/greenandgrowth.com\/en\/downloads\/","title":{"rendered":"DOWNLOADS"},"content":{"rendered":"<div data-elementor-type=\"wp-page\" data-elementor-id=\"4230\" class=\"elementor elementor-4230\" data-elementor-post-type=\"page\">\n\t\t\t\t\t\t<section class=\"elementor-section elementor-top-section elementor-element elementor-element-ba0d814 elementor-section-content-middle elementor-section-boxed elementor-section-height-default elementor-section-height-default\" data-id=\"ba0d814\" data-element_type=\"section\">\n\t\t\t\t\t\t<div class=\"elementor-container elementor-column-gap-no\">\n\t\t\t\t\t<div class=\"elementor-column elementor-col-50 elementor-top-column elementor-element elementor-element-db7427a\" data-id=\"db7427a\" data-element_type=\"column\">\n\t\t\t<div class=\"elementor-widget-wrap elementor-element-populated\">\n\t\t\t\t\t\t<div class=\"elementor-element elementor-element-5a2b667 elementor-invisible elementor-widget elementor-widget-heading\" data-id=\"5a2b667\" data-element_type=\"widget\" data-settings=\"{&quot;_animation&quot;:&quot;fadeIn&quot;}\" data-widget_type=\"heading.default\">\n\t\t\t\t<div class=\"elementor-widget-container\">\n\t\t\t\t\t<h3 class=\"elementor-heading-title elementor-size-default\">DOWNLOADS \/ DESCARGAS<\/h3>\t\t\t\t<\/div>\n\t\t\t\t<\/div>\n\t\t\t\t<div class=\"elementor-element elementor-element-8fdf081 elementor-widget-divider--view-line elementor-widget elementor-widget-divider\" data-id=\"8fdf081\" data-element_type=\"widget\" data-widget_type=\"divider.default\">\n\t\t\t\t<div class=\"elementor-widget-container\">\n\t\t\t\t\t\t\t<div class=\"elementor-divider\">\n\t\t\t<span class=\"elementor-divider-separator\">\n\t\t\t\t\t\t<\/span>\n\t\t<\/div>\n\t\t\t\t\t\t<\/div>\n\t\t\t\t<\/div>\n\t\t\t\t\t<\/div>\n\t\t<\/div>\n\t\t\t\t<div class=\"elementor-column elementor-col-50 elementor-top-column elementor-element elementor-element-f248f04\" data-id=\"f248f04\" data-element_type=\"column\">\n\t\t\t<div class=\"elementor-widget-wrap elementor-element-populated\">\n\t\t\t\t\t\t<div class=\"elementor-element elementor-element-4eefcc6 elementor-widget elementor-widget-spacer\" data-id=\"4eefcc6\" data-element_type=\"widget\" data-widget_type=\"spacer.default\">\n\t\t\t\t<div class=\"elementor-widget-container\">\n\t\t\t\t\t\t\t<div class=\"elementor-spacer\">\n\t\t\t<div class=\"elementor-spacer-inner\"><\/div>\n\t\t<\/div>\n\t\t\t\t\t\t<\/div>\n\t\t\t\t<\/div>\n\t\t\t\t\t<\/div>\n\t\t<\/div>\n\t\t\t\t\t<\/div>\n\t\t<\/section>\n\t\t\t\t<section class=\"elementor-section elementor-top-section elementor-element elementor-element-ab70290 elementor-section-boxed elementor-section-height-default elementor-section-height-default\" data-id=\"ab70290\" data-element_type=\"section\">\n\t\t\t\t\t\t<div class=\"elementor-container elementor-column-gap-default\">\n\t\t\t\t\t<div class=\"elementor-column elementor-col-100 elementor-top-column elementor-element elementor-element-49aec71\" data-id=\"49aec71\" data-element_type=\"column\">\n\t\t\t<div class=\"elementor-widget-wrap elementor-element-populated\">\n\t\t\t\t\t\t<div class=\"elementor-element elementor-element-4f9363c elementor-invisible elementor-widget elementor-widget-heading\" data-id=\"4f9363c\" data-element_type=\"widget\" data-settings=\"{&quot;_animation&quot;:&quot;fadeIn&quot;}\" data-widget_type=\"heading.default\">\n\t\t\t\t<div class=\"elementor-widget-container\">\n\t\t\t\t\t<h3 class=\"elementor-heading-title elementor-size-default\">Biochar Technical Sheet \/ Ficha T\u00e9cnica<\/h3>\t\t\t\t<\/div>\n\t\t\t\t<\/div>\n\t\t\t\t\t<\/div>\n\t\t<\/div>\n\t\t\t\t\t<\/div>\n\t\t<\/section>\n\t\t\t\t<section class=\"elementor-section elementor-top-section elementor-element elementor-element-070c16a elementor-section-content-middle elementor-section-full_width elementor-section-height-default elementor-section-height-default\" data-id=\"070c16a\" data-element_type=\"section\">\n\t\t\t\t\t\t<div class=\"elementor-container elementor-column-gap-no\">\n\t\t\t\t\t<div class=\"elementor-column elementor-col-33 elementor-top-column elementor-element elementor-element-3502343\" data-id=\"3502343\" data-element_type=\"column\">\n\t\t\t<div class=\"elementor-widget-wrap elementor-element-populated\">\n\t\t\t\t\t\t<div class=\"elementor-element elementor-element-10f5664 elementor-align-center elementor-widget elementor-widget-button\" data-id=\"10f5664\" data-element_type=\"widget\" data-widget_type=\"button.default\">\n\t\t\t\t<div class=\"elementor-widget-container\">\n\t\t\t\t\t\t\t\t\t<div class=\"elementor-button-wrapper\">\n\t\t\t\t\t<a class=\"elementor-button elementor-button-link elementor-size-md elementor-animation-float\" href=\"https:\/\/greenandgrowth.com\/wp-content\/uploads\/2024\/02\/Biochar-Technical-Sheet.pdf\" target=\"_blank\">\n\t\t\t\t\t\t<span class=\"elementor-button-content-wrapper\">\n\t\t\t\t\t\t<span class=\"elementor-button-icon\">\n\t\t\t\t<i aria-hidden=\"true\" class=\"fas fa-file-download\"><\/i>\t\t\t<\/span>\n\t\t\t\t\t\t\t\t\t<span class=\"elementor-button-text\">DOWNLOAD \/ DESCARGAR<\/span>\n\t\t\t\t\t<\/span>\n\t\t\t\t\t<\/a>\n\t\t\t\t<\/div>\n\t\t\t\t\t\t\t\t<\/div>\n\t\t\t\t<\/div>\n\t\t\t\t\t<\/div>\n\t\t<\/div>\n\t\t\t\t<div class=\"elementor-column elementor-col-33 elementor-top-column elementor-element elementor-element-722a36a\" data-id=\"722a36a\" data-element_type=\"column\">\n\t\t\t<div class=\"elementor-widget-wrap\">\n\t\t\t\t\t\t\t<\/div>\n\t\t<\/div>\n\t\t\t\t<div class=\"elementor-column elementor-col-33 elementor-top-column elementor-element elementor-element-e250bd0\" data-id=\"e250bd0\" data-element_type=\"column\">\n\t\t\t<div class=\"elementor-widget-wrap\">\n\t\t\t\t\t\t\t<\/div>\n\t\t<\/div>\n\t\t\t\t\t<\/div>\n\t\t<\/section>\n\t\t\t\t<\/div>","protected":false},"excerpt":{"rendered":"<p>DOWNLOADS \/ DESCARGAS Biochar Technical Sheet \/ Ficha T\u00e9cnica DOWNLOAD \/ DESCARGAR<\/p>","protected":false},"author":5,"featured_media":0,"parent":0,"menu_order":0,"comment_status":"closed","ping_status":"closed","template":"","meta":{"footnotes":""},"class_list":["post-4230","page","type-page","status-publish","hentry"],"yoast_head":"<!-- This site is optimized with the Yoast SEO Premium plugin v24.5 (Yoast SEO v26.2) - https:\/\/yoast.com\/wordpress\/plugins\/seo\/ -->\n<title>DOWNLOADS - GREEN AND GROWTH<\/title>\n<meta name=\"robots\" content=\"index, follow, max-snippet:-1, max-image-preview:large, max-video-preview:-1\" \/>\n<link rel=\"canonical\" href=\"https:\/\/greenandgrowth.com\/en\/downloads\/\" \/>\n<meta property=\"og:locale\" content=\"en_US\" \/>\n<meta property=\"og:type\" content=\"article\" \/>\n<meta property=\"og:title\" content=\"DOWNLOADS\" \/>\n<meta property=\"og:description\" content=\"DOWNLOADS \/ DESCARGAS Biochar Technical Sheet \/ Ficha T\u00e9cnica DOWNLOAD \/ DESCARGAR\" \/>\n<meta property=\"og:url\" content=\"https:\/\/greenandgrowth.com\/en\/downloads\/\" \/>\n<meta property=\"og:site_name\" content=\"GREEN AND GROWTH\" \/>\n<meta property=\"article:modified_time\" content=\"2024-07-09T22:40:03+00:00\" \/>\n<meta name=\"twitter:card\" content=\"summary_large_image\" \/>\n<meta name=\"twitter:label1\" content=\"Est. reading time\" \/>\n\t<meta name=\"twitter:data1\" content=\"1 minute\" \/>\n<script type=\"application\/ld+json\" class=\"yoast-schema-graph\">{\"@context\":\"https:\/\/schema.org\",\"@graph\":[{\"@type\":\"WebPage\",\"@id\":\"https:\/\/greenandgrowth.com\/downloads\/\",\"url\":\"https:\/\/greenandgrowth.com\/downloads\/\",\"name\":\"DOWNLOADS - GREEN AND GROWTH\",\"isPartOf\":{\"@id\":\"https:\/\/greenandgrowth.com\/#website\"},\"datePublished\":\"2023-12-05T20:23:29+00:00\",\"dateModified\":\"2024-07-09T22:40:03+00:00\",\"inLanguage\":\"en-US\",\"potentialAction\":[{\"@type\":\"ReadAction\",\"target\":[\"https:\/\/greenandgrowth.com\/downloads\/\"]}]},{\"@type\":\"WebSite\",\"@id\":\"https:\/\/greenandgrowth.com\/#website\",\"url\":\"https:\/\/greenandgrowth.com\/\",\"name\":\"GREEN AND GROWTH\",\"description\":\"Compa\u00f1\u00eda internacional de desarrollo, producci\u00f3n y suministro\",\"publisher\":{\"@id\":\"https:\/\/greenandgrowth.com\/#organization\"},\"potentialAction\":[{\"@type\":\"SearchAction\",\"target\":{\"@type\":\"EntryPoint\",\"urlTemplate\":\"https:\/\/greenandgrowth.com\/?s={search_term_string}\"},\"query-input\":{\"@type\":\"PropertyValueSpecification\",\"valueRequired\":true,\"valueName\":\"search_term_string\"}}],\"inLanguage\":\"en-US\"},{\"@type\":\"Organization\",\"@id\":\"https:\/\/greenandgrowth.com\/#organization\",\"name\":\"GREEN AND GROWTH\",\"url\":\"https:\/\/greenandgrowth.com\/\",\"logo\":{\"@type\":\"ImageObject\",\"inLanguage\":\"en-US\",\"@id\":\"https:\/\/greenandgrowth.com\/#\/schema\/logo\/image\/\",\"url\":\"https:\/\/greenandgrowth.com\/wp-content\/uploads\/2023\/09\/LOGO-FINAL-GG-AZUL_SinFondo.png\",\"contentUrl\":\"https:\/\/greenandgrowth.com\/wp-content\/uploads\/2023\/09\/LOGO-FINAL-GG-AZUL_SinFondo.png\",\"width\":3200,\"height\":815,\"caption\":\"GREEN AND GROWTH\"},\"image\":{\"@id\":\"https:\/\/greenandgrowth.com\/#\/schema\/logo\/image\/\"}}]}<\/script>\n<!-- \/ Yoast SEO Premium plugin. -->","yoast_head_json":{"title":"DOWNLOADS - GREEN AND GROWTH","robots":{"index":"index","follow":"follow","max-snippet":"max-snippet:-1","max-image-preview":"max-image-preview:large","max-video-preview":"max-video-preview:-1"},"canonical":"https:\/\/greenandgrowth.com\/en\/downloads\/","og_locale":"en_US","og_type":"article","og_title":"DOWNLOADS","og_description":"DOWNLOADS \/ DESCARGAS Biochar Technical Sheet \/ Ficha T\u00e9cnica DOWNLOAD \/ DESCARGAR","og_url":"https:\/\/greenandgrowth.com\/en\/downloads\/","og_site_name":"GREEN AND GROWTH","article_modified_time":"2024-07-09T22:40:03+00:00","twitter_card":"summary_large_image","twitter_misc":{"Est. reading time":"1 minute"},"schema":{"@context":"https:\/\/schema.org","@graph":[{"@type":"WebPage","@id":"https:\/\/greenandgrowth.com\/downloads\/","url":"https:\/\/greenandgrowth.com\/downloads\/","name":"DOWNLOADS - GREEN AND GROWTH","isPartOf":{"@id":"https:\/\/greenandgrowth.com\/#website"},"datePublished":"2023-12-05T20:23:29+00:00","dateModified":"2024-07-09T22:40:03+00:00","inLanguage":"en-US","potentialAction":[{"@type":"ReadAction","target":["https:\/\/greenandgrowth.com\/downloads\/"]}]},{"@type":"WebSite","@id":"https:\/\/greenandgrowth.com\/#website","url":"https:\/\/greenandgrowth.com\/","name":"GREEN AND GROWTH","description":"Compa\u00f1\u00eda internacional de desarrollo, producci\u00f3n y suministro","publisher":{"@id":"https:\/\/greenandgrowth.com\/#organization"},"potentialAction":[{"@type":"SearchAction","target":{"@type":"EntryPoint","urlTemplate":"https:\/\/greenandgrowth.com\/?s={search_term_string}"},"query-input":{"@type":"PropertyValueSpecification","valueRequired":true,"valueName":"search_term_string"}}],"inLanguage":"en-US"},{"@type":"Organization","@id":"https:\/\/greenandgrowth.com\/#organization","name":"GREEN AND GROWTH","url":"https:\/\/greenandgrowth.com\/","logo":{"@type":"ImageObject","inLanguage":"en-US","@id":"https:\/\/greenandgrowth.com\/#\/schema\/logo\/image\/","url":"https:\/\/greenandgrowth.com\/wp-content\/uploads\/2023\/09\/LOGO-FINAL-GG-AZUL_SinFondo.png","contentUrl":"https:\/\/greenandgrowth.com\/wp-content\/uploads\/2023\/09\/LOGO-FINAL-GG-AZUL_SinFondo.png","width":3200,"height":815,"caption":"GREEN AND GROWTH"},"image":{"@id":"https:\/\/greenandgrowth.com\/#\/schema\/logo\/image\/"}}]}},"_links":{"self":[{"href":"https:\/\/greenandgrowth.com\/en\/wp-json\/wp\/v2\/pages\/4230","targetHints":{"allow":["GET"]}}],"collection":[{"href":"https:\/\/greenandgrowth.com\/en\/wp-json\/wp\/v2\/pages"}],"about":[{"href":"https:\/\/greenandgrowth.com\/en\/wp-json\/wp\/v2\/types\/page"}],"author":[{"embeddable":true,"href":"https:\/\/greenandgrowth.com\/en\/wp-json\/wp\/v2\/users\/5"}],"replies":[{"embeddable":true,"href":"https:\/\/greenandgrowth.com\/en\/wp-json\/wp\/v2\/comments?post=4230"}],"version-history":[{"count":13,"href":"https:\/\/greenandgrowth.com\/en\/wp-json\/wp\/v2\/pages\/4230\/revisions"}],"predecessor-version":[{"id":4299,"href":"https:\/\/greenandgrowth.com\/en\/wp-json\/wp\/v2\/pages\/4230\/revisions\/4299"}],"wp:attachment":[{"href":"https:\/\/greenandgrowth.com\/en\/wp-json\/wp\/v2\/media?parent=4230"}],"curies":[{"name":"wp","href":"https:\/\/api.w.org\/{rel}","templated":true}]}}